{"id":4601,"date":"2021-08-25T09:02:38","date_gmt":"2021-08-25T09:02:38","guid":{"rendered":"https:\/\/majoryapi.com\/?page_id=4601"},"modified":"2024-10-23T12:32:16","modified_gmt":"2024-10-23T09:32:16","slug":"hizmetlerimiz","status":"publish","type":"page","link":"https:\/\/www.majoryapi.com\/en\/hizmetlerimiz","title":{"rendered":"Services"},"content":{"rendered":"<div data-elementor-type=\"wp-page\" data-elementor-id=\"4601\" class=\"elementor elementor-4601\" data-elementor-post-type=\"page\">\n\t\t\t\t\t\t<section class=\"elementor-section elementor-top-section elementor-element elementor-element-a191617 elementor-section-boxed elementor-section-height-default elementor-section-height-default\" data-id=\"a191617\" data-element_type=\"section\" data-e-type=\"section\">\n\t\t\t\t\t\t<div class=\"elementor-container elementor-column-gap-extended\">\n\t\t\t\t\t<div class=\"elementor-column elementor-col-50 elementor-top-column elementor-element elementor-element-a4b68cd ot-column-items-center ot-flex-column-vertical\" data-id=\"a4b68cd\" data-element_type=\"column\" data-e-type=\"column\">\n\t\t\t<div class=\"elementor-widget-wrap elementor-element-populated\">\n\t\t\t\t\t\t<div class=\"elementor-element elementor-element-50d788e elementor-widget elementor-widget-text-editor\" data-id=\"50d788e\" data-element_type=\"widget\" data-e-type=\"widget\" data-widget_type=\"text-editor.default\">\n\t\t\t\t<div class=\"elementor-widget-container\">\n\t\t\t\t\t\t\t\t\t<p>Industrial Plants<br \/>Sports Facilities<br \/>AVM & Otel<br \/>Makina & Ekipman<br \/>Animal Farms<br \/>Silo & Bunker<br \/>Feed Factories<br \/>Roof Facade Sandwich Panel<br \/>Trapezoidal and Clamp Coating<br \/>Aluminium Mesh Cladding<br \/>Concrete Batching Plant<br \/>Retrofit<\/p>\t\t\t\t\t\t\t\t<\/div>\n\t\t\t\t<\/div>\n\t\t\t\t\t<\/div>\n\t\t<\/div>\n\t\t\t\t<div class=\"elementor-column elementor-col-50 elementor-top-column elementor-element elementor-element-e55600b ot-column-items-center ot-flex-column-vertical\" data-id=\"e55600b\" data-element_type=\"column\" data-e-type=\"column\">\n\t\t\t<div class=\"elementor-widget-wrap elementor-element-populated\">\n\t\t\t\t\t\t<div class=\"elementor-element elementor-element-1055365 elementor-widget elementor-widget-image\" data-id=\"1055365\" data-element_type=\"widget\" data-e-type=\"widget\" data-widget_type=\"image.default\">\n\t\t\t\t<div class=\"elementor-widget-container\">\n\t\t\t\t\t\t\t\t\t\t\t\t\t\t\t<img fetchpriority=\"high\" decoding=\"async\" width=\"578\" height=\"463\" src=\"https:\/\/www.majoryapi.com\/wp-content\/uploads\/2021\/09\/321.jpeg\" class=\"attachment-full size-full wp-image-5549\" alt=\"\" srcset=\"https:\/\/www.majoryapi.com\/wp-content\/uploads\/2021\/09\/321.jpeg 578w, https:\/\/www.majoryapi.com\/wp-content\/uploads\/2021\/09\/321-300x240.jpeg 300w\" sizes=\"(max-width: 578px) 100vw, 578px\" \/>\t\t\t\t\t\t\t\t\t\t\t\t\t\t\t<\/div>\n\t\t\t\t<\/div>\n\t\t\t\t\t<\/div>\n\t\t<\/div>\n\t\t\t\t\t<\/div>\n\t\t<\/section>\n\t\t\t\t<section class=\"elementor-section elementor-top-section elementor-element elementor-element-8351f3f elementor-section-full_width elementor-section-height-default elementor-section-height-default\" data-id=\"8351f3f\" data-element_type=\"section\" data-e-type=\"section\">\n\t\t\t\t\t\t<div class=\"elementor-container elementor-column-gap-default\">\n\t\t\t\t\t<div class=\"elementor-column elementor-col-100 elementor-top-column elementor-element elementor-element-1d38d0e ot-flex-column-vertical\" data-id=\"1d38d0e\" data-element_type=\"column\" data-e-type=\"column\">\n\t\t\t<div class=\"elementor-widget-wrap elementor-element-populated\">\n\t\t\t\t\t\t<div class=\"elementor-element elementor-element-4bd474f elementor-widget elementor-widget-heading\" data-id=\"4bd474f\" data-element_type=\"widget\" data-e-type=\"widget\" data-widget_type=\"heading.default\">\n\t\t\t\t<div class=\"elementor-widget-container\">\n\t\t\t\t\t<h2 class=\"elementor-heading-title elementor-size-default\"><a href=\"https:\/\/www.majoryapi.com\/en\/tamamlanan-projeler\/\">Projects<\/a><\/h2>\t\t\t\t<\/div>\n\t\t\t\t<\/div>\n\t\t\t\t<div class=\"elementor-element elementor-element-93d5a5e elementor-grid-4 elementor-grid-tablet-2 elementor-grid-mobile-1 elementor-widget elementor-widget-portfolio\" data-id=\"93d5a5e\" data-element_type=\"widget\" data-e-type=\"widget\" data-settings=\"{&quot;columns&quot;:&quot;4&quot;,&quot;columns_tablet&quot;:&quot;2&quot;,&quot;columns_mobile&quot;:&quot;1&quot;,&quot;item_ratio&quot;:{&quot;unit&quot;:&quot;px&quot;,&quot;size&quot;:0.66000000000000003108624468950438313186168670654296875,&quot;sizes&quot;:[]},&quot;item_gap&quot;:{&quot;unit&quot;:&quot;px&quot;,&quot;size&quot;:&quot;&quot;,&quot;sizes&quot;:[]},&quot;row_gap&quot;:{&quot;unit&quot;:&quot;px&quot;,&quot;size&quot;:&quot;&quot;,&quot;sizes&quot;:[]}}\" data-widget_type=\"portfolio.default\">\n\t\t\t\t<div class=\"elementor-widget-container\">\n\t\t\t\t\t\t\t<div class=\"elementor-portfolio elementor-grid elementor-posts-container\" role=\"list\">\n\t\t\t\t<article class=\"elementor-portfolio-item elementor-post  post-5401 post type-post status-publish format-standard has-post-thumbnail hentry category-tamamlanan-projeler\" role=\"listitem\">\n\t\t\t<a class=\"elementor-post__thumbnail__link\" href=\"https:\/\/www.majoryapi.com\/en\/makine-platformu.html\">\n\t\t\t\t<div class=\"elementor-portfolio-item__img elementor-post__thumbnail\">\n\t\t\t<img decoding=\"async\" width=\"1439\" height=\"1080\" src=\"https:\/\/www.majoryapi.com\/wp-content\/uploads\/2021\/09\/turiya_nevsehir_-5.jpg\" class=\"attachment-full size-full wp-image-5402\" alt=\"\" srcset=\"https:\/\/www.majoryapi.com\/wp-content\/uploads\/2021\/09\/turiya_nevsehir_-5.jpg 1439w, https:\/\/www.majoryapi.com\/wp-content\/uploads\/2021\/09\/turiya_nevsehir_-5-300x225.jpg 300w, https:\/\/www.majoryapi.com\/wp-content\/uploads\/2021\/09\/turiya_nevsehir_-5-1024x769.jpg 1024w, https:\/\/www.majoryapi.com\/wp-content\/uploads\/2021\/09\/turiya_nevsehir_-5-768x576.jpg 768w\" sizes=\"(max-width: 1439px) 100vw, 1439px\" \/>\t\t<\/div>\n\t\t\t\t<div class=\"elementor-portfolio-item__overlay\">\n\t\t\t\t<h3 class=\"elementor-portfolio-item__title\">\n\t\tMachine Platform\t\t<\/h3>\n\t\t\t\t<\/div>\n\t\t\t\t<\/a>\n\t\t<\/article>\n\t\t\t\t<article class=\"elementor-portfolio-item elementor-post  post-5417 post type-post status-publish format-standard has-post-thumbnail hentry category-tamamlanan-projeler\" role=\"listitem\">\n\t\t\t<a class=\"elementor-post__thumbnail__link\" href=\"https:\/\/www.majoryapi.com\/en\/idari-bina.html\">\n\t\t\t\t<div class=\"elementor-portfolio-item__img elementor-post__thumbnail\">\n\t\t\t<img decoding=\"async\" width=\"1440\" height=\"1080\" src=\"https:\/\/www.majoryapi.com\/wp-content\/uploads\/2021\/09\/turkeli_-7.jpg\" class=\"attachment-full size-full wp-image-5418\" alt=\"\" srcset=\"https:\/\/www.majoryapi.com\/wp-content\/uploads\/2021\/09\/turkeli_-7.jpg 1440w, https:\/\/www.majoryapi.com\/wp-content\/uploads\/2021\/09\/turkeli_-7-300x225.jpg 300w, https:\/\/www.majoryapi.com\/wp-content\/uploads\/2021\/09\/turkeli_-7-1024x768.jpg 1024w, https:\/\/www.majoryapi.com\/wp-content\/uploads\/2021\/09\/turkeli_-7-768x576.jpg 768w\" sizes=\"(max-width: 1440px) 100vw, 1440px\" \/>\t\t<\/div>\n\t\t\t\t<div class=\"elementor-portfolio-item__overlay\">\n\t\t\t\t<h3 class=\"elementor-portfolio-item__title\">\n\t\tAdministrative Building\t\t<\/h3>\n\t\t\t\t<\/div>\n\t\t\t\t<\/a>\n\t\t<\/article>\n\t\t\t\t<article class=\"elementor-portfolio-item elementor-post  post-4853 post type-post status-publish format-standard has-post-thumbnail hentry category-tamamlanan-projeler\" role=\"listitem\">\n\t\t\t<a class=\"elementor-post__thumbnail__link\" href=\"https:\/\/www.majoryapi.com\/en\/showroom-ve-servis-binasi.html\">\n\t\t\t\t<div class=\"elementor-portfolio-item__img elementor-post__thumbnail\">\n\t\t\t<img loading=\"lazy\" decoding=\"async\" width=\"1920\" height=\"888\" src=\"https:\/\/www.majoryapi.com\/wp-content\/uploads\/2021\/09\/akca_volvo_-17.jpg\" class=\"attachment-full size-full wp-image-4854\" alt=\"\" srcset=\"https:\/\/www.majoryapi.com\/wp-content\/uploads\/2021\/09\/akca_volvo_-17.jpg 1920w, https:\/\/www.majoryapi.com\/wp-content\/uploads\/2021\/09\/akca_volvo_-17-300x139.jpg 300w, https:\/\/www.majoryapi.com\/wp-content\/uploads\/2021\/09\/akca_volvo_-17-1024x474.jpg 1024w, https:\/\/www.majoryapi.com\/wp-content\/uploads\/2021\/09\/akca_volvo_-17-768x355.jpg 768w, https:\/\/www.majoryapi.com\/wp-content\/uploads\/2021\/09\/akca_volvo_-17-1536x710.jpg 1536w\" sizes=\"(max-width: 1920px) 100vw, 1920px\" \/>\t\t<\/div>\n\t\t\t\t<div class=\"elementor-portfolio-item__overlay\">\n\t\t\t\t<h3 class=\"elementor-portfolio-item__title\">\n\t\tShowroom and Service Building\t\t<\/h3>\n\t\t\t\t<\/div>\n\t\t\t\t<\/a>\n\t\t<\/article>\n\t\t\t\t<article class=\"elementor-portfolio-item elementor-post  post-5443 post type-post status-publish format-standard has-post-thumbnail hentry category-tamamlanan-projeler\" role=\"listitem\">\n\t\t\t<a class=\"elementor-post__thumbnail__link\" href=\"https:\/\/www.majoryapi.com\/en\/yem-fabrikasi-silo-platformu.html\">\n\t\t\t\t<div class=\"elementor-portfolio-item__img elementor-post__thumbnail\">\n\t\t\t<img loading=\"lazy\" decoding=\"async\" width=\"1440\" height=\"1080\" src=\"https:\/\/www.majoryapi.com\/wp-content\/uploads\/2021\/09\/Yerlisan_Biga_-6.jpg\" class=\"attachment-full size-full wp-image-5444\" alt=\"\" srcset=\"https:\/\/www.majoryapi.com\/wp-content\/uploads\/2021\/09\/Yerlisan_Biga_-6.jpg 1440w, https:\/\/www.majoryapi.com\/wp-content\/uploads\/2021\/09\/Yerlisan_Biga_-6-300x225.jpg 300w, https:\/\/www.majoryapi.com\/wp-content\/uploads\/2021\/09\/Yerlisan_Biga_-6-1024x768.jpg 1024w, https:\/\/www.majoryapi.com\/wp-content\/uploads\/2021\/09\/Yerlisan_Biga_-6-768x576.jpg 768w\" sizes=\"(max-width: 1440px) 100vw, 1440px\" \/>\t\t<\/div>\n\t\t\t\t<div class=\"elementor-portfolio-item__overlay\">\n\t\t\t\t<h3 class=\"elementor-portfolio-item__title\">\n\t\tFeed Mill Silo Platform\t\t<\/h3>\n\t\t\t\t<\/div>\n\t\t\t\t<\/a>\n\t\t<\/article>\n\t\t\t\t<article class=\"elementor-portfolio-item elementor-post  post-4789 post type-post status-publish format-standard has-post-thumbnail hentry category-tamamlanan-projeler\" role=\"listitem\">\n\t\t\t<a class=\"elementor-post__thumbnail__link\" href=\"https:\/\/www.majoryapi.com\/en\/kademe-binasi.html\">\n\t\t\t\t<div class=\"elementor-portfolio-item__img elementor-post__thumbnail\">\n\t\t\t<img loading=\"lazy\" decoding=\"async\" width=\"1440\" height=\"1080\" src=\"https:\/\/www.majoryapi.com\/wp-content\/uploads\/2021\/09\/Akca-Kademe_-5.jpg\" class=\"attachment-full size-full wp-image-4790\" alt=\"\" srcset=\"https:\/\/www.majoryapi.com\/wp-content\/uploads\/2021\/09\/Akca-Kademe_-5.jpg 1440w, https:\/\/www.majoryapi.com\/wp-content\/uploads\/2021\/09\/Akca-Kademe_-5-300x225.jpg 300w, https:\/\/www.majoryapi.com\/wp-content\/uploads\/2021\/09\/Akca-Kademe_-5-1024x768.jpg 1024w, https:\/\/www.majoryapi.com\/wp-content\/uploads\/2021\/09\/Akca-Kademe_-5-768x576.jpg 768w\" sizes=\"(max-width: 1440px) 100vw, 1440px\" \/>\t\t<\/div>\n\t\t\t\t<div class=\"elementor-portfolio-item__overlay\">\n\t\t\t\t<h3 class=\"elementor-portfolio-item__title\">\n\t\tStage Building\t\t<\/h3>\n\t\t\t\t<\/div>\n\t\t\t\t<\/a>\n\t\t<\/article>\n\t\t\t\t<article class=\"elementor-portfolio-item elementor-post  post-5346 post type-post status-publish format-standard has-post-thumbnail hentry category-tamamlanan-projeler\" role=\"listitem\">\n\t\t\t<a class=\"elementor-post__thumbnail__link\" href=\"https:\/\/www.majoryapi.com\/en\/cimento-fabrika-kademe-binasi.html\">\n\t\t\t\t<div class=\"elementor-portfolio-item__img elementor-post__thumbnail\">\n\t\t\t<img loading=\"lazy\" decoding=\"async\" width=\"1440\" height=\"1080\" src=\"https:\/\/www.majoryapi.com\/wp-content\/uploads\/2021\/09\/turiya_izmit_-2.jpg\" class=\"attachment-full size-full wp-image-5347\" alt=\"\" srcset=\"https:\/\/www.majoryapi.com\/wp-content\/uploads\/2021\/09\/turiya_izmit_-2.jpg 1440w, https:\/\/www.majoryapi.com\/wp-content\/uploads\/2021\/09\/turiya_izmit_-2-300x225.jpg 300w, https:\/\/www.majoryapi.com\/wp-content\/uploads\/2021\/09\/turiya_izmit_-2-1024x768.jpg 1024w, https:\/\/www.majoryapi.com\/wp-content\/uploads\/2021\/09\/turiya_izmit_-2-768x576.jpg 768w\" sizes=\"(max-width: 1440px) 100vw, 1440px\" \/>\t\t<\/div>\n\t\t\t\t<div class=\"elementor-portfolio-item__overlay\">\n\t\t\t\t<h3 class=\"elementor-portfolio-item__title\">\n\t\tCement Factory Stage Building\t\t<\/h3>\n\t\t\t\t<\/div>\n\t\t\t\t<\/a>\n\t\t<\/article>\n\t\t\t\t<article class=\"elementor-portfolio-item elementor-post  post-5298 post type-post status-publish format-standard has-post-thumbnail hentry category-tamamlanan-projeler\" role=\"listitem\">\n\t\t\t<a class=\"elementor-post__thumbnail__link\" href=\"https:\/\/www.majoryapi.com\/en\/avm-yangin-merdiveni.html\">\n\t\t\t\t<div class=\"elementor-portfolio-item__img elementor-post__thumbnail\">\n\t\t\t<img loading=\"lazy\" decoding=\"async\" width=\"1080\" height=\"1920\" src=\"https:\/\/www.majoryapi.com\/wp-content\/uploads\/2021\/09\/ordu_yapi_-1.jpg\" class=\"attachment-full size-full wp-image-5299\" alt=\"\" srcset=\"https:\/\/www.majoryapi.com\/wp-content\/uploads\/2021\/09\/ordu_yapi_-1.jpg 1080w, https:\/\/www.majoryapi.com\/wp-content\/uploads\/2021\/09\/ordu_yapi_-1-169x300.jpg 169w, https:\/\/www.majoryapi.com\/wp-content\/uploads\/2021\/09\/ordu_yapi_-1-576x1024.jpg 576w, https:\/\/www.majoryapi.com\/wp-content\/uploads\/2021\/09\/ordu_yapi_-1-768x1365.jpg 768w, https:\/\/www.majoryapi.com\/wp-content\/uploads\/2021\/09\/ordu_yapi_-1-864x1536.jpg 864w\" sizes=\"(max-width: 1080px) 100vw, 1080px\" \/>\t\t<\/div>\n\t\t\t\t<div class=\"elementor-portfolio-item__overlay\">\n\t\t\t\t<h3 class=\"elementor-portfolio-item__title\">\n\t\tShopping Centre Fire Escape\t\t<\/h3>\n\t\t\t\t<\/div>\n\t\t\t\t<\/a>\n\t\t<\/article>\n\t\t\t\t<article class=\"elementor-portfolio-item elementor-post  post-5703 post type-post status-publish format-standard has-post-thumbnail hentry category-tamamlanan-projeler\" role=\"listitem\">\n\t\t\t<a class=\"elementor-post__thumbnail__link\" href=\"https:\/\/www.majoryapi.com\/en\/villa-projesi.html\">\n\t\t\t\t<div class=\"elementor-portfolio-item__img elementor-post__thumbnail\">\n\t\t\t<img loading=\"lazy\" decoding=\"async\" width=\"2048\" height=\"1536\" src=\"https:\/\/www.majoryapi.com\/wp-content\/uploads\/2022\/03\/IMG-20220310-WA0011.jpg\" class=\"attachment-full size-full wp-image-5749\" alt=\"\" srcset=\"https:\/\/www.majoryapi.com\/wp-content\/uploads\/2022\/03\/IMG-20220310-WA0011.jpg 2048w, https:\/\/www.majoryapi.com\/wp-content\/uploads\/2022\/03\/IMG-20220310-WA0011-300x225.jpg 300w, https:\/\/www.majoryapi.com\/wp-content\/uploads\/2022\/03\/IMG-20220310-WA0011-1024x768.jpg 1024w, https:\/\/www.majoryapi.com\/wp-content\/uploads\/2022\/03\/IMG-20220310-WA0011-768x576.jpg 768w, https:\/\/www.majoryapi.com\/wp-content\/uploads\/2022\/03\/IMG-20220310-WA0011-1536x1152.jpg 1536w\" sizes=\"(max-width: 2048px) 100vw, 2048px\" \/>\t\t<\/div>\n\t\t\t\t<div class=\"elementor-portfolio-item__overlay\">\n\t\t\t\t<h3 class=\"elementor-portfolio-item__title\">\n\t\tVilla Project\t\t<\/h3>\n\t\t\t\t<\/div>\n\t\t\t\t<\/a>\n\t\t<\/article>\n\t\t\t\t<\/div>\n\t\t\t\t\t\t<\/div>\n\t\t\t\t<\/div>\n\t\t\t\t\t<\/div>\n\t\t<\/div>\n\t\t\t\t\t<\/div>\n\t\t<\/section>\n\t\t\t\t<section class=\"elementor-section elementor-top-section elementor-element elementor-element-ab37bbb elementor-section-boxed elementor-section-height-default elementor-section-height-default\" data-id=\"ab37bbb\" data-element_type=\"section\" data-e-type=\"section\">\n\t\t\t\t\t\t<div class=\"elementor-container elementor-column-gap-default\">\n\t\t\t\t\t<div class=\"elementor-column elementor-col-100 elementor-top-column elementor-element elementor-element-5cf6fe3 ot-flex-column-vertical\" data-id=\"5cf6fe3\" data-element_type=\"column\" data-e-type=\"column\">\n\t\t\t<div class=\"elementor-widget-wrap elementor-element-populated\">\n\t\t\t\t\t\t<div class=\"elementor-element elementor-element-9be6bf8 elementor-arrows-position-inside elementor-widget elementor-widget-image-carousel\" data-id=\"9be6bf8\" data-element_type=\"widget\" data-e-type=\"widget\" data-settings=\"{&quot;slides_to_show&quot;:&quot;4&quot;,&quot;slides_to_show_mobile&quot;:&quot;2&quot;,&quot;slides_to_scroll&quot;:&quot;4&quot;,&quot;slides_to_scroll_mobile&quot;:&quot;2&quot;,&quot;navigation&quot;:&quot;arrows&quot;,&quot;autoplay&quot;:&quot;yes&quot;,&quot;pause_on_hover&quot;:&quot;yes&quot;,&quot;pause_on_interaction&quot;:&quot;yes&quot;,&quot;autoplay_speed&quot;:5000,&quot;infinite&quot;:&quot;yes&quot;,&quot;speed&quot;:500}\" data-widget_type=\"image-carousel.default\">\n\t\t\t\t<div class=\"elementor-widget-container\">\n\t\t\t\t\t\t\t<div class=\"elementor-image-carousel-wrapper swiper\" role=\"region\" aria-roledescription=\"carousel\" aria-label=\"Resim D\u00f6ng\u00fcs\u00fc\" dir=\"ltr\">\n\t\t\t<div class=\"elementor-image-carousel swiper-wrapper\" aria-live=\"off\">\n\t\t\t\t\t\t\t\t<div class=\"swiper-slide\" role=\"group\" aria-roledescription=\"slide\" aria-label=\"1 \/ 22\"><figure class=\"swiper-slide-inner\"><img decoding=\"async\" class=\"swiper-slide-image\" src=\"https:\/\/www.majoryapi.com\/wp-content\/uploads\/elementor\/thumbs\/1-pckgy8mb2anm5byklue6d4fvppjyybrxal0pbuu02o.jpg\" alt=\"1\" \/><\/figure><\/div><div class=\"swiper-slide\" role=\"group\" aria-roledescription=\"slide\" aria-label=\"2 \/ 22\"><figure class=\"swiper-slide-inner\"><img decoding=\"async\" class=\"swiper-slide-image\" src=\"https:\/\/www.majoryapi.com\/wp-content\/uploads\/elementor\/thumbs\/03-pckgyahzfyq6sjvuav7fi3yswhapdpzdyuboaer7q8.png\" alt=\"03\" \/><\/figure><\/div><div class=\"swiper-slide\" role=\"group\" aria-roledescription=\"slide\" aria-label=\"3 \/ 22\"><figure class=\"swiper-slide-inner\"><img decoding=\"async\" class=\"swiper-slide-image\" src=\"https:\/\/www.majoryapi.com\/wp-content\/uploads\/elementor\/thumbs\/4-pckgybftmsrh45uh5dm22lq9hv62lf34ayz5roptk0.jpg\" alt=\"4\" \/><\/figure><\/div><div class=\"swiper-slide\" role=\"group\" aria-roledescription=\"slide\" aria-label=\"4 \/ 22\"><figure class=\"swiper-slide-inner\"><img decoding=\"async\" class=\"swiper-slide-image\" src=\"https:\/\/www.majoryapi.com\/wp-content\/uploads\/elementor\/thumbs\/5-pckgycdntmsrfrt3zw0on3hq391ft46un3mn8yofds.jpg\" alt=\"5\" \/><\/figure><\/div><div class=\"swiper-slide\" role=\"group\" aria-roledescription=\"slide\" aria-label=\"5 \/ 22\"><figure class=\"swiper-slide-inner\"><img decoding=\"async\" class=\"swiper-slide-image\" src=\"https:\/\/www.majoryapi.com\/wp-content\/uploads\/elementor\/thumbs\/6-pckgydbi0gu1rdrquefb7l96omwt0takz8a4q8n17k.jpg\" alt=\"6\" \/><\/figure><\/div><div class=\"swiper-slide\" role=\"group\" aria-roledescription=\"slide\" aria-label=\"6 \/ 22\"><figure class=\"swiper-slide-inner\"><img decoding=\"async\" class=\"swiper-slide-image\" src=\"https:\/\/www.majoryapi.com\/wp-content\/uploads\/elementor\/thumbs\/7-pckgye9c7avc2zqdowtxs30na0s68iebbcxm7iln1c.jpg\" alt=\"7\" \/><\/figure><\/div><div class=\"swiper-slide\" role=\"group\" aria-roledescription=\"slide\" aria-label=\"7 \/ 22\"><figure class=\"swiper-slide-inner\"><img decoding=\"async\" class=\"swiper-slide-image\" src=\"https:\/\/www.majoryapi.com\/wp-content\/uploads\/elementor\/thumbs\/8-pckgyf76e4wmelp0jf8kcks3venjg7i1nhl3osk8v4.jpg\" alt=\"8\" \/><\/figure><\/div><div class=\"swiper-slide\" role=\"group\" aria-roledescription=\"slide\" aria-label=\"8 \/ 22\"><figure class=\"swiper-slide-inner\"><img decoding=\"async\" class=\"swiper-slide-image\" src=\"https:\/\/www.majoryapi.com\/wp-content\/uploads\/elementor\/thumbs\/9-pckgyg50kyxwq7nndxn6x2jkgsiwnwlrzm8l62iuow.jpg\" alt=\"9\" \/><\/figure><\/div><div class=\"swiper-slide\" role=\"group\" aria-roledescription=\"slide\" aria-label=\"9 \/ 22\"><figure class=\"swiper-slide-inner\"><img decoding=\"async\" class=\"swiper-slide-image\" src=\"https:\/\/www.majoryapi.com\/wp-content\/uploads\/elementor\/thumbs\/10-pckgyh2ursz71tma8g1thkb126e9vlpibqw2nchgio.jpg\" alt=\"10\" \/><\/figure><\/div><div class=\"swiper-slide\" role=\"group\" aria-roledescription=\"slide\" aria-label=\"10 \/ 22\"><figure class=\"swiper-slide-inner\"><img decoding=\"async\" class=\"swiper-slide-image\" src=\"https:\/\/www.majoryapi.com\/wp-content\/uploads\/elementor\/thumbs\/11-pckgyi0oyn0hdfkx2ygg222hnk9n3at8nvjk4mg2cg.jpg\" alt=\"11\" \/><\/figure><\/div><div class=\"swiper-slide\" role=\"group\" aria-roledescription=\"slide\" aria-label=\"11 \/ 22\"><figure class=\"swiper-slide-inner\"><img decoding=\"async\" class=\"swiper-slide-image\" src=\"https:\/\/www.majoryapi.com\/wp-content\/uploads\/elementor\/thumbs\/12-pckgyiyj5h1rp1jjxgv2mjty8y50azwz0071lweo68.jpg\" alt=\"12\" \/><\/figure><\/div><div class=\"swiper-slide\" role=\"group\" aria-roledescription=\"slide\" aria-label=\"12 \/ 22\"><figure class=\"swiper-slide-inner\"><img decoding=\"async\" class=\"swiper-slide-image\" src=\"https:\/\/www.majoryapi.com\/wp-content\/uploads\/elementor\/thumbs\/13-pckgyku7j54cc9gtmhobrjcvfpvqqe4fo9i0kgbvts.jpg\" alt=\"13\" \/><\/figure><\/div><div class=\"swiper-slide\" role=\"group\" aria-roledescription=\"slide\" aria-label=\"13 \/ 22\"><figure class=\"swiper-slide-inner\"><img decoding=\"async\" class=\"swiper-slide-image\" src=\"https:\/\/www.majoryapi.com\/wp-content\/uploads\/elementor\/thumbs\/14-pckgympvwt6wzhe3bihkwivsmhmh5sbwciszj093hc.jpg\" alt=\"14\" \/><\/figure><\/div><div class=\"swiper-slide\" role=\"group\" aria-roledescription=\"slide\" aria-label=\"14 \/ 22\"><figure class=\"swiper-slide-inner\"><img decoding=\"async\" class=\"swiper-slide-image\" src=\"https:\/\/www.majoryapi.com\/wp-content\/uploads\/elementor\/thumbs\/15-pckgynnq3n87b3cq60w7h0n97vhudhfmongh0a7pb4.jpg\" alt=\"15\" \/><\/figure><\/div><div class=\"swiper-slide\" role=\"group\" aria-roledescription=\"slide\" aria-label=\"15 \/ 22\"><figure class=\"swiper-slide-inner\"><img decoding=\"async\" class=\"swiper-slide-image\" src=\"https:\/\/www.majoryapi.com\/wp-content\/uploads\/elementor\/thumbs\/16-pckgypjehbaryb9zv1pgm066en8ksvn3cwrfyu4wyo.jpg\" alt=\"16\" \/><\/figure><\/div><div class=\"swiper-slide\" role=\"group\" aria-roledescription=\"slide\" aria-label=\"16 \/ 22\"><figure class=\"swiper-slide-inner\"><img decoding=\"async\" class=\"swiper-slide-image\" src=\"https:\/\/www.majoryapi.com\/wp-content\/uploads\/elementor\/thumbs\/17-pckgyrf2uzdclj79k2ipqzp3lezb89uk162exe24m8.jpg\" alt=\"17\" \/><\/figure><\/div><div class=\"swiper-slide\" role=\"group\" aria-roledescription=\"slide\" aria-label=\"17 \/ 22\"><figure class=\"swiper-slide-inner\"><img decoding=\"async\" class=\"swiper-slide-image\" src=\"https:\/\/www.majoryapi.com\/wp-content\/uploads\/elementor\/thumbs\/18-pckgyscx1temx55wekxcbhgk6suofyyadapweo0qg0.jpg\" alt=\"18\" \/><\/figure><\/div><div class=\"swiper-slide\" role=\"group\" aria-roledescription=\"slide\" aria-label=\"18 \/ 22\"><figure class=\"swiper-slide-inner\"><img decoding=\"async\" class=\"swiper-slide-image\" src=\"https:\/\/www.majoryapi.com\/wp-content\/uploads\/elementor\/thumbs\/19-pckgyu8lfhh7kd363lqlggzhdklevd5r1k0vd7xy3k.png\" alt=\"19\" \/><\/figure><\/div><div class=\"swiper-slide\" role=\"group\" aria-roledescription=\"slide\" aria-label=\"19 \/ 22\"><figure class=\"swiper-slide-inner\"><img decoding=\"async\" class=\"swiper-slide-image\" src=\"https:\/\/www.majoryapi.com\/wp-content\/uploads\/elementor\/thumbs\/20-pckgyw49t5js7l0fsmjulgiekcc5ard7ptbubrv5r4.jpg\" alt=\"20\" \/><\/figure><\/div><div class=\"swiper-slide\" role=\"group\" aria-roledescription=\"slide\" aria-label=\"20 \/ 22\"><figure class=\"swiper-slide-inner\"><img decoding=\"async\" class=\"swiper-slide-image\" src=\"https:\/\/www.majoryapi.com\/wp-content\/uploads\/elementor\/thumbs\/21-pckgyxzy6tmcusxphnd3qg1br42vq5koe2mtabsdeo.jpg\" alt=\"21\" \/><\/figure><\/div><div class=\"swiper-slide\" role=\"group\" aria-roledescription=\"slide\" aria-label=\"21 \/ 22\"><figure class=\"swiper-slide-inner\"><img decoding=\"async\" class=\"swiper-slide-image\" src=\"https:\/\/www.majoryapi.com\/wp-content\/uploads\/elementor\/thumbs\/22-pckgyzvmkhoxi0uz6o6cvfk8xvtm5js52bxs8vpl28.jpg\" alt=\"22\" \/><\/figure><\/div><div class=\"swiper-slide\" role=\"group\" aria-roledescription=\"slide\" aria-label=\"22 \/ 22\"><figure class=\"swiper-slide-inner\"><img decoding=\"async\" class=\"swiper-slide-image\" src=\"https:\/\/www.majoryapi.com\/wp-content\/uploads\/elementor\/thumbs\/2-1-pckh61o1trcckqmc0pvmknipbx2pvtro182vtl9ae8.png\" alt=\"2\" \/><\/figure><\/div>\t\t\t<\/div>\n\t\t\t\t\t\t\t\t\t\t\t\t<div class=\"elementor-swiper-button elementor-swiper-button-prev\" role=\"button\" tabindex=\"0\">\n\t\t\t\t\t\t<i aria-hidden=\"true\" class=\"eicon-chevron-left\"><\/i>\t\t\t\t\t<\/div>\n\t\t\t\t\t<div class=\"elementor-swiper-button elementor-swiper-button-next\" role=\"button\" tabindex=\"0\">\n\t\t\t\t\t\t<i aria-hidden=\"true\" class=\"eicon-chevron-right\"><\/i>\t\t\t\t\t<\/div>\n\t\t\t\t\n\t\t\t\t\t\t\t\t\t<\/div>\n\t\t\t\t\t\t<\/div>\n\t\t\t\t<\/div>\n\t\t\t\t\t<\/div>\n\t\t<\/div>\n\t\t\t\t\t<\/div>\n\t\t<\/section>\n\t\t\t\t<\/div>","protected":false},"excerpt":{"rendered":"<p>End\u00fcstriyel TesislerSpor TesisleriAVM &#038; OtelMakina &#038; EkipmanHayvan \u00c7iftlikleriSilo &#038; BunkerYem Fabrikalar\u0131\u00c7at\u0131 Cephe Sandvi\u00e7 PanelTrapez ve Kenet KaplamaAl\u00fcminyum Mesh KaplamaBeton SantraliG\u00fc\u00e7lendirme Projelerimiz<\/p>","protected":false},"author":1,"featured_media":0,"parent":0,"menu_order":0,"comment_status":"closed","ping_status":"closed","template":"","meta":{"footnotes":""},"class_list":["post-4601","page","type-page","status-publish","hentry"],"_links":{"self":[{"href":"https:\/\/www.majoryapi.com\/en\/wp-json\/wp\/v2\/pages\/4601","targetHints":{"allow":["GET"]}}],"collection":[{"href":"https:\/\/www.majoryapi.com\/en\/wp-json\/wp\/v2\/pages"}],"about":[{"href":"https:\/\/www.majoryapi.com\/en\/wp-json\/wp\/v2\/types\/page"}],"author":[{"embeddable":true,"href":"https:\/\/www.majoryapi.com\/en\/wp-json\/wp\/v2\/users\/1"}],"replies":[{"embeddable":true,"href":"https:\/\/www.majoryapi.com\/en\/wp-json\/wp\/v2\/comments?post=4601"}],"version-history":[{"count":4,"href":"https:\/\/www.majoryapi.com\/en\/wp-json\/wp\/v2\/pages\/4601\/revisions"}],"predecessor-version":[{"id":6288,"href":"https:\/\/www.majoryapi.com\/en\/wp-json\/wp\/v2\/pages\/4601\/revisions\/6288"}],"wp:attachment":[{"href":"https:\/\/www.majoryapi.com\/en\/wp-json\/wp\/v2\/media?parent=4601"}],"curies":[{"name":"wp","href":"https:\/\/api.w.org\/{rel}","templated":true}]}}